{"id":151,"date":"2017-05-08T06:54:28","date_gmt":"2017-05-08T06:54:28","guid":{"rendered":"http:\/\/sentickysen.cz\/?page_id=151"},"modified":"2020-11-28T16:47:37","modified_gmt":"2020-11-28T16:47:37","slug":"kontakty","status":"publish","type":"page","link":"https:\/\/sentickysen.cz\/?page_id=151","title":{"rendered":"Kontakty"},"content":{"rendered":"<p style=\"text-align: left;\">Lada Hr\u016fzov\u00e1<\/p>\n<p>Sentice 194<\/p>\n<p>66603 Ti\u0161nov<\/p>\n<p>hruzovalada@seznam.cz<\/p>\n<p>605 40 38 40<\/p>\n<p>facebook\/ hruzovalada<\/p>\n<p>WhatsApp \/+420 605403840<\/p>\n<pre>\u00a0<\/pre>\n<p><a href=\"https:\/\/mapy.cz\/zakladni?x=16.4487452&amp;y=49.3141447&amp;z=17&amp;source=addr&amp;id=11371413&amp;q=sentice%20194\" target=\"_blank\" rel=\"noopener noreferrer\">Mapa,kde n\u00e1s najdete.<\/a><\/p>\n\n\n<p><\/p>\n","protected":false},"excerpt":{"rendered":"<p>Lada Hr\u016fzov\u00e1 Sentice 194 66603 Ti\u0161nov hruzovalada@seznam.cz 605 40 38 40 facebook\/ hruzovalada WhatsApp \/+420 605403840 \u00a0 Mapa,kde n\u00e1s najdete.<\/p>\n","protected":false},"author":1,"featured_media":0,"parent":0,"menu_order":0,"comment_status":"closed","ping_status":"closed","template":"","meta":{"footnotes":""},"class_list":["post-151","page","type-page","status-publish","hentry"],"_links":{"self":[{"href":"https:\/\/sentickysen.cz\/index.php?rest_route=\/wp\/v2\/pages\/151","targetHints":{"allow":["GET"]}}],"collection":[{"href":"https:\/\/sentickysen.cz\/index.php?rest_route=\/wp\/v2\/pages"}],"about":[{"href":"https:\/\/sentickysen.cz\/index.php?rest_route=\/wp\/v2\/types\/page"}],"author":[{"embeddable":true,"href":"https:\/\/sentickysen.cz\/index.php?rest_route=\/wp\/v2\/users\/1"}],"replies":[{"embeddable":true,"href":"https:\/\/sentickysen.cz\/index.php?rest_route=%2Fwp%2Fv2%2Fcomments&post=151"}],"version-history":[{"count":17,"href":"https:\/\/sentickysen.cz\/index.php?rest_route=\/wp\/v2\/pages\/151\/revisions"}],"predecessor-version":[{"id":580,"href":"https:\/\/sentickysen.cz\/index.php?rest_route=\/wp\/v2\/pages\/151\/revisions\/580"}],"wp:attachment":[{"href":"https:\/\/sentickysen.cz\/index.php?rest_route=%2Fwp%2Fv2%2Fmedia&parent=151"}],"curies":[{"name":"wp","href":"https:\/\/api.w.org\/{rel}","templated":true}]}}